{"id":23,"date":"2014-09-26T17:23:42","date_gmt":"2014-09-26T17:23:42","guid":{"rendered":"http:\/\/192.168.1.104\/enfold-photography\/?page_id=23"},"modified":"2020-11-19T15:41:45","modified_gmt":"2020-11-19T14:41:45","slug":"contact-2","status":"publish","type":"page","link":"https:\/\/www.franckfaipot.com\/index.php\/contact-2\/","title":{"rendered":"Contact"},"content":{"rendered":"<div id='av-layout-grid-1'  class='av-layout-grid-container entry-content-wrapper main_color av-flex-cells     avia-builder-el-0  avia-builder-el-no-sibling  container_wrap fullsize' style=' '  >\n<div class=\"flex_cell no_margin av_one_half  avia-builder-el-1  el_before_av_cell_one_half  avia-builder-el-first   \"  style='vertical-align:top; padding:30px; ' ><div class='flex_cell_inner' ><p><div  style='padding-bottom:10px; ' class='av-special-heading av-special-heading-h3    avia-builder-el-2  el_before_av_contact  avia-builder-el-first  '><h3 class='av-special-heading-tag '  itemprop=\"headline\"  >Contactez moi!<\/h3><div class='special-heading-border'><div class='special-heading-inner-border' ><\/div><\/div><\/div><br \/>\n<form action=\"https:\/\/www.franckfaipot.com\/index.php\/contact-2\/\" method=\"post\"  class=\"avia_ajax_form av-form-labels-visible   avia-builder-el-3  el_after_av_heading  avia-builder-el-last   \" data-avia-form-id=\"1\" data-avia-redirect='' ><fieldset><p class='  first_form  form_element form_element_half' id='element_avia_1_1'><label for=\"avia_1_1\">Nom <abbr class=\"required\" title=\"requis\">*<\/abbr><\/label> <input name=\"avia_1_1\" class=\"text_input is_empty\" type=\"text\" id=\"avia_1_1\" value=\"\" \/><\/p><p class='  form_element form_element_half' id='element_avia_2_1'><label for=\"avia_2_1\">Email <abbr class=\"required\" title=\"requis\">*<\/abbr><\/label> <input name=\"avia_2_1\" class=\"text_input is_email\" type=\"text\" id=\"avia_2_1\" value=\"\" \/><\/p><p class='  first_form  form_element form_fullwidth' id='element_avia_3_1'><label for=\"avia_3_1\">Objet <abbr class=\"required\" title=\"requis\">*<\/abbr><\/label> <input name=\"avia_3_1\" class=\"text_input is_empty\" type=\"text\" id=\"avia_3_1\" value=\"\" \/><\/p><p class='  first_form  form_element form_fullwidth' id='element_avia_4_1'><label for=\"avia_4_1\" class=\"textare_label hidden textare_label_avia_4_1\">Message <abbr class=\"required\" title=\"requis\">*<\/abbr><\/label><textarea  name=\"avia_4_1\" class=\"text_area is_empty\" cols=\"40\" rows=\"7\" id=\"avia_4_1\" ><\/textarea><\/p><p class=\"hidden\"><input type=\"text\" name=\"avia_5_1\" class=\"hidden \" id=\"avia_5_1\" value=\"\" \/><\/p><p class='   form_element form_fullwidth' id='element_avia_6_1'><span class='value_verifier_label'>3 + 0 = ?<\/span><input name=\"avia_6_1_verifier\" type=\"hidden\" id=\"avia_6_1_verifier\" value=\"841546376\"\/><label for=\"avia_6_1\">Pour prouver que vous \u00eates un humain, donnez le r\u00e9sultat de cette simple op\u00e9ration <abbr class=\"required\" title=\"requis\">*<\/abbr><\/label><input name=\"avia_6_1\" class=\"text_input captcha\" type=\"text\" id=\"avia_6_1\" value=\"\"\/><\/p><p class=\"form_element \"><input type=\"hidden\" value=\"1\" name=\"avia_generated_form1\" \/><input type=\"submit\" value=\"Envoyer\" class=\"button\"  data-sending-label=\"Envoi\"\/><\/p><\/fieldset><\/form><div id=\"ajaxresponse_1\" class=\"ajaxresponse ajaxresponse_1 hidden\"><\/div><\/p>\n<\/div><\/div><div class=\"flex_cell no_margin av_one_half  avia-builder-el-4  el_after_av_cell_one_half  avia-builder-el-last   \"  style='vertical-align:top; padding:30px; ' ><div class='flex_cell_inner' ><p><div  style='padding-bottom:10px; ' class='av-special-heading av-special-heading-h3    avia-builder-el-5  el_before_av_textblock  avia-builder-el-first  '><h3 class='av-special-heading-tag '  itemprop=\"headline\"  >+ de d\u00e9tails<\/h3><div class='special-heading-border'><div class='special-heading-inner-border' ><\/div><\/div><\/div><br \/>\n<section class=\"av_textblock_section \"  itemscope=\"itemscope\" itemtype=\"https:\/\/schema.org\/CreativeWork\" ><div class='avia_textblock  av_inherit_color '   itemprop=\"text\" ><p><strong>Franck FAIPOT<br \/>\nEmail:<\/strong> <a href=\"mailto:franckfaipot01@gmail.com\">franckfaipot01@gmail.com<\/a><br \/>\n<strong>Address:<\/strong> 511 Grande Rue 01800 MOLLON<br \/>\n<strong>T\u00e9l\u00e9hone:<\/strong> <a href=\"tel:0621310466\">0621310466<\/a><\/p>\n<\/div><\/section><br \/>\n<div   class='hr hr-default   avia-builder-el-7  el_after_av_textblock  el_before_av_image '><span class='hr-inner ' ><span class='hr-inner-style'><\/span><\/span><\/div><br \/>\n<div  class='avia-image-container  av-styling-    avia-builder-el-8  el_after_av_hr  avia-builder-el-last  avia-align-center '  itemprop=\"image\" itemscope=\"itemscope\" itemtype=\"https:\/\/schema.org\/ImageObject\"  ><div class='avia-image-container-inner'><div class='avia-image-overlay-wrap'><img class='avia_image' src='https:\/\/www.franckfaipot.com\/wp-content\/uploads\/2020\/09\/portrait-Franck-gironde-683x1024.jpg' alt='' title='portrait Franck gironde' height=\"1024\" width=\"683\"  itemprop=\"thumbnailUrl\"  \/><\/div><\/div><\/div><\/p>\n<\/div><\/div><\/div>\n","protected":false},"excerpt":{"rendered":"","protected":false},"author":2,"featured_media":0,"parent":0,"menu_order":0,"comment_status":"open","ping_status":"open","template":"","meta":{"footnotes":""},"class_list":["post-23","page","type-page","status-publish","hentry"],"yoast_head":"<!-- This site is optimized with the Yoast SEO plugin v27.5 - https:\/\/yoast.com\/product\/yoast-seo-wordpress\/ -->\n<title>Contact - Franck.FAIPOT<\/title>\n<meta name=\"robots\" content=\"index, follow, max-snippet:-1, max-image-preview:large, max-video-preview:-1\" \/>\n<link rel=\"canonical\" href=\"https:\/\/www.franckfaipot.com\/index.php\/contact-2\/\" \/>\n<meta property=\"og:locale\" content=\"fr_FR\" \/>\n<meta property=\"og:type\" content=\"article\" \/>\n<meta property=\"og:title\" content=\"Contact - Franck.FAIPOT\" \/>\n<meta property=\"og:url\" content=\"https:\/\/www.franckfaipot.com\/index.php\/contact-2\/\" \/>\n<meta property=\"og:site_name\" content=\"Franck.FAIPOT\" \/>\n<meta property=\"article:modified_time\" content=\"2020-11-19T14:41:45+00:00\" \/>\n<meta name=\"twitter:card\" content=\"summary_large_image\" \/>\n<meta name=\"twitter:label1\" content=\"Dur\u00e9e de lecture estim\u00e9e\" \/>\n\t<meta name=\"twitter:data1\" content=\"3 minutes\" \/>\n<script type=\"application\/ld+json\" class=\"yoast-schema-graph\">{\"@context\":\"https:\\\/\\\/schema.org\",\"@graph\":[{\"@type\":\"WebPage\",\"@id\":\"https:\\\/\\\/www.franckfaipot.com\\\/index.php\\\/contact-2\\\/\",\"url\":\"https:\\\/\\\/www.franckfaipot.com\\\/index.php\\\/contact-2\\\/\",\"name\":\"Contact - Franck.FAIPOT\",\"isPartOf\":{\"@id\":\"https:\\\/\\\/www.franckfaipot.com\\\/#website\"},\"datePublished\":\"2014-09-26T17:23:42+00:00\",\"dateModified\":\"2020-11-19T14:41:45+00:00\",\"breadcrumb\":{\"@id\":\"https:\\\/\\\/www.franckfaipot.com\\\/index.php\\\/contact-2\\\/#breadcrumb\"},\"inLanguage\":\"fr-FR\",\"potentialAction\":[{\"@type\":\"ReadAction\",\"target\":[\"https:\\\/\\\/www.franckfaipot.com\\\/index.php\\\/contact-2\\\/\"]}]},{\"@type\":\"BreadcrumbList\",\"@id\":\"https:\\\/\\\/www.franckfaipot.com\\\/index.php\\\/contact-2\\\/#breadcrumb\",\"itemListElement\":[{\"@type\":\"ListItem\",\"position\":1,\"name\":\"Accueil\",\"item\":\"https:\\\/\\\/www.franckfaipot.com\\\/\"},{\"@type\":\"ListItem\",\"position\":2,\"name\":\"Contact\"}]},{\"@type\":\"WebSite\",\"@id\":\"https:\\\/\\\/www.franckfaipot.com\\\/#website\",\"url\":\"https:\\\/\\\/www.franckfaipot.com\\\/\",\"name\":\"Franck.FAIPOT\",\"description\":\"reportage photo\",\"publisher\":{\"@id\":\"https:\\\/\\\/www.franckfaipot.com\\\/#\\\/schema\\\/person\\\/4fd8ae207f396e7ffd3195e809886410\"},\"potentialAction\":[{\"@type\":\"SearchAction\",\"target\":{\"@type\":\"EntryPoint\",\"urlTemplate\":\"https:\\\/\\\/www.franckfaipot.com\\\/?s={search_term_string}\"},\"query-input\":{\"@type\":\"PropertyValueSpecification\",\"valueRequired\":true,\"valueName\":\"search_term_string\"}}],\"inLanguage\":\"fr-FR\"},{\"@type\":[\"Person\",\"Organization\"],\"@id\":\"https:\\\/\\\/www.franckfaipot.com\\\/#\\\/schema\\\/person\\\/4fd8ae207f396e7ffd3195e809886410\",\"name\":\"Franck FAIPOT\",\"image\":{\"@type\":\"ImageObject\",\"inLanguage\":\"fr-FR\",\"@id\":\"https:\\\/\\\/www.franckfaipot.com\\\/wp-content\\\/uploads\\\/2020\\\/11\\\/FF.logo_.Photographie-2.png\",\"url\":\"https:\\\/\\\/www.franckfaipot.com\\\/wp-content\\\/uploads\\\/2020\\\/11\\\/FF.logo_.Photographie-2.png\",\"contentUrl\":\"https:\\\/\\\/www.franckfaipot.com\\\/wp-content\\\/uploads\\\/2020\\\/11\\\/FF.logo_.Photographie-2.png\",\"width\":500,\"height\":500,\"caption\":\"Franck FAIPOT\"},\"logo\":{\"@id\":\"https:\\\/\\\/www.franckfaipot.com\\\/wp-content\\\/uploads\\\/2020\\\/11\\\/FF.logo_.Photographie-2.png\"},\"sameAs\":[\"https:\\\/\\\/www.franckfaipot.com\\\/\"]}]}<\/script>\n<!-- \/ Yoast SEO plugin. -->","yoast_head_json":{"title":"Contact - Franck.FAIPOT","robots":{"index":"index","follow":"follow","max-snippet":"max-snippet:-1","max-image-preview":"max-image-preview:large","max-video-preview":"max-video-preview:-1"},"canonical":"https:\/\/www.franckfaipot.com\/index.php\/contact-2\/","og_locale":"fr_FR","og_type":"article","og_title":"Contact - Franck.FAIPOT","og_url":"https:\/\/www.franckfaipot.com\/index.php\/contact-2\/","og_site_name":"Franck.FAIPOT","article_modified_time":"2020-11-19T14:41:45+00:00","twitter_card":"summary_large_image","twitter_misc":{"Dur\u00e9e de lecture estim\u00e9e":"3 minutes"},"schema":{"@context":"https:\/\/schema.org","@graph":[{"@type":"WebPage","@id":"https:\/\/www.franckfaipot.com\/index.php\/contact-2\/","url":"https:\/\/www.franckfaipot.com\/index.php\/contact-2\/","name":"Contact - Franck.FAIPOT","isPartOf":{"@id":"https:\/\/www.franckfaipot.com\/#website"},"datePublished":"2014-09-26T17:23:42+00:00","dateModified":"2020-11-19T14:41:45+00:00","breadcrumb":{"@id":"https:\/\/www.franckfaipot.com\/index.php\/contact-2\/#breadcrumb"},"inLanguage":"fr-FR","potentialAction":[{"@type":"ReadAction","target":["https:\/\/www.franckfaipot.com\/index.php\/contact-2\/"]}]},{"@type":"BreadcrumbList","@id":"https:\/\/www.franckfaipot.com\/index.php\/contact-2\/#breadcrumb","itemListElement":[{"@type":"ListItem","position":1,"name":"Accueil","item":"https:\/\/www.franckfaipot.com\/"},{"@type":"ListItem","position":2,"name":"Contact"}]},{"@type":"WebSite","@id":"https:\/\/www.franckfaipot.com\/#website","url":"https:\/\/www.franckfaipot.com\/","name":"Franck.FAIPOT","description":"reportage photo","publisher":{"@id":"https:\/\/www.franckfaipot.com\/#\/schema\/person\/4fd8ae207f396e7ffd3195e809886410"},"potentialAction":[{"@type":"SearchAction","target":{"@type":"EntryPoint","urlTemplate":"https:\/\/www.franckfaipot.com\/?s={search_term_string}"},"query-input":{"@type":"PropertyValueSpecification","valueRequired":true,"valueName":"search_term_string"}}],"inLanguage":"fr-FR"},{"@type":["Person","Organization"],"@id":"https:\/\/www.franckfaipot.com\/#\/schema\/person\/4fd8ae207f396e7ffd3195e809886410","name":"Franck FAIPOT","image":{"@type":"ImageObject","inLanguage":"fr-FR","@id":"https:\/\/www.franckfaipot.com\/wp-content\/uploads\/2020\/11\/FF.logo_.Photographie-2.png","url":"https:\/\/www.franckfaipot.com\/wp-content\/uploads\/2020\/11\/FF.logo_.Photographie-2.png","contentUrl":"https:\/\/www.franckfaipot.com\/wp-content\/uploads\/2020\/11\/FF.logo_.Photographie-2.png","width":500,"height":500,"caption":"Franck FAIPOT"},"logo":{"@id":"https:\/\/www.franckfaipot.com\/wp-content\/uploads\/2020\/11\/FF.logo_.Photographie-2.png"},"sameAs":["https:\/\/www.franckfaipot.com\/"]}]}},"_links":{"self":[{"href":"https:\/\/www.franckfaipot.com\/index.php\/wp-json\/wp\/v2\/pages\/23","targetHints":{"allow":["GET"]}}],"collection":[{"href":"https:\/\/www.franckfaipot.com\/index.php\/wp-json\/wp\/v2\/pages"}],"about":[{"href":"https:\/\/www.franckfaipot.com\/index.php\/wp-json\/wp\/v2\/types\/page"}],"author":[{"embeddable":true,"href":"https:\/\/www.franckfaipot.com\/index.php\/wp-json\/wp\/v2\/users\/2"}],"replies":[{"embeddable":true,"href":"https:\/\/www.franckfaipot.com\/index.php\/wp-json\/wp\/v2\/comments?post=23"}],"version-history":[{"count":0,"href":"https:\/\/www.franckfaipot.com\/index.php\/wp-json\/wp\/v2\/pages\/23\/revisions"}],"wp:attachment":[{"href":"https:\/\/www.franckfaipot.com\/index.php\/wp-json\/wp\/v2\/media?parent=23"}],"curies":[{"name":"wp","href":"https:\/\/api.w.org\/{rel}","templated":true}]}}